{"id":6250,"date":"2024-04-29T17:14:25","date_gmt":"2024-04-29T17:14:25","guid":{"rendered":"https:\/\/mafrigessos.pt\/produto\/mechanical-fastening-sleeve\/"},"modified":"2024-10-08T16:53:56","modified_gmt":"2024-10-08T16:53:56","slug":"bushing-for-mechanical-fastening","status":"publish","type":"product","link":"https:\/\/mafrigessos.pt\/en\/produto\/bushing-for-mechanical-fastening\/","title":{"rendered":"Bushing for Mechanical Fastening"},"content":{"rendered":"<p><strong>Certified bushing with NYLON nail<\/strong><\/p>\n<p><strong>Head:<\/strong> 60mm<\/p>\n<p><strong>Sizes:<\/strong> 70 | 90 | 110 | 140<\/p>\n<p><strong>Thickness &#8211; Panel:<\/strong> 20-40 | 40-60 60-80 | 80-100<\/p>\n<p><strong>Presentation:<\/strong> 200Unit box.<\/p>\n","protected":false},"excerpt":{"rendered":"<p>Certified bushing with NYLON nail Head: 60mm Sizes: 70 | 90 | 110 | 140 Thickness &#8211; Panel: 20-40 | 40-60 60-80 | 80-100 Presentation: 200Unit box.<\/p>\n","protected":false},"featured_media":5073,"comment_status":"open","ping_status":"closed","template":"","meta":[],"product_brand":[],"product_cat":[85,83],"product_tag":[],"class_list":{"0":"post-6250","1":"product","2":"type-product","3":"status-publish","4":"has-post-thumbnail","6":"product_cat-accessories","7":"product_cat-capoto-system","9":"first","10":"instock","11":"shipping-taxable","12":"product-type-simple"},"yoast_head":"<!-- This site is optimized with the Yoast SEO plugin v27.2 - https:\/\/yoast.com\/product\/yoast-seo-wordpress\/ -->\n<title>Bushing for Mechanical Fastening - Mafrigessos<\/title>\n<meta name=\"description\" content=\"Certified bushing with NYLON nail for Mechanical Fastening\" \/>\n<meta name=\"robots\" content=\"index, follow, max-snippet:-1, max-image-preview:large, max-video-preview:-1\" \/>\n<link rel=\"canonical\" href=\"https:\/\/mafrigessos.pt\/produto\/bucha-para-fixacao-mecanica\/\" \/>\n<meta property=\"og:locale\" content=\"en_US\" \/>\n<meta property=\"og:type\" content=\"article\" \/>\n<meta property=\"og:title\" content=\"Bushing for Mechanical Fastening - Mafrigessos\" \/>\n<meta property=\"og:description\" content=\"Certified bushing with NYLON nail for Mechanical Fastening\" \/>\n<meta property=\"og:url\" content=\"https:\/\/mafrigessos.pt\/produto\/bucha-para-fixacao-mecanica\/\" \/>\n<meta property=\"og:site_name\" content=\"Mafrigessos\" \/>\n<meta property=\"article:modified_time\" content=\"2024-10-08T16:53:56+00:00\" \/>\n<meta property=\"og:image\" content=\"https:\/\/mafrigessos.pt\/wp-content\/uploads\/2024\/04\/BUCHA-PARA-FIXACAO-MECANICA.jpg\" \/>\n\t<meta property=\"og:image:width\" content=\"1080\" \/>\n\t<meta property=\"og:image:height\" content=\"1080\" \/>\n\t<meta property=\"og:image:type\" content=\"image\/jpeg\" \/>\n<meta name=\"twitter:card\" content=\"summary_large_image\" \/>\n<meta name=\"twitter:label1\" content=\"Est. reading time\" \/>\n\t<meta name=\"twitter:data1\" content=\"1 minute\" \/>\n<script type=\"application\/ld+json\" class=\"yoast-schema-graph\">{\"@context\":\"https:\/\/schema.org\",\"@graph\":[{\"@type\":\"WebPage\",\"@id\":\"https:\/\/mafrigessos.pt\/produto\/bucha-para-fixacao-mecanica\/\",\"url\":\"https:\/\/mafrigessos.pt\/produto\/bucha-para-fixacao-mecanica\/\",\"name\":\"Bushing for Mechanical Fastening - Mafrigessos\",\"isPartOf\":{\"@id\":\"https:\/\/mafrigessos.pt\/#website\"},\"primaryImageOfPage\":{\"@id\":\"https:\/\/mafrigessos.pt\/produto\/bucha-para-fixacao-mecanica\/#primaryimage\"},\"image\":{\"@id\":\"https:\/\/mafrigessos.pt\/produto\/bucha-para-fixacao-mecanica\/#primaryimage\"},\"thumbnailUrl\":\"https:\/\/mafrigessos.pt\/wp-content\/uploads\/2024\/04\/BUCHA-PARA-FIXACAO-MECANICA.jpg\",\"datePublished\":\"2024-04-29T17:14:25+00:00\",\"dateModified\":\"2024-10-08T16:53:56+00:00\",\"description\":\"Certified bushing with NYLON nail for Mechanical Fastening\",\"breadcrumb\":{\"@id\":\"https:\/\/mafrigessos.pt\/produto\/bucha-para-fixacao-mecanica\/#breadcrumb\"},\"inLanguage\":\"en-US\",\"potentialAction\":[{\"@type\":\"ReadAction\",\"target\":[\"https:\/\/mafrigessos.pt\/produto\/bucha-para-fixacao-mecanica\/\"]}]},{\"@type\":\"ImageObject\",\"inLanguage\":\"en-US\",\"@id\":\"https:\/\/mafrigessos.pt\/produto\/bucha-para-fixacao-mecanica\/#primaryimage\",\"url\":\"https:\/\/mafrigessos.pt\/wp-content\/uploads\/2024\/04\/BUCHA-PARA-FIXACAO-MECANICA.jpg\",\"contentUrl\":\"https:\/\/mafrigessos.pt\/wp-content\/uploads\/2024\/04\/BUCHA-PARA-FIXACAO-MECANICA.jpg\",\"width\":1080,\"height\":1080,\"caption\":\"Bucha para Fixa\u00e7\u00e3o Mec\u00e2nica\"},{\"@type\":\"BreadcrumbList\",\"@id\":\"https:\/\/mafrigessos.pt\/produto\/bucha-para-fixacao-mecanica\/#breadcrumb\",\"itemListElement\":[{\"@type\":\"ListItem\",\"position\":1,\"name\":\"In\u00edcio\",\"item\":\"https:\/\/mafrigessos.pt\/en\/\"},{\"@type\":\"ListItem\",\"position\":2,\"name\":\"Produtos\",\"item\":\"https:\/\/mafrigessos.pt\/shop\/\"},{\"@type\":\"ListItem\",\"position\":3,\"name\":\"Bushing for Mechanical Fastening\"}]},{\"@type\":\"WebSite\",\"@id\":\"https:\/\/mafrigessos.pt\/#website\",\"url\":\"https:\/\/mafrigessos.pt\/\",\"name\":\"Mafrigessos\",\"description\":\"\",\"publisher\":{\"@id\":\"https:\/\/mafrigessos.pt\/#organization\"},\"potentialAction\":[{\"@type\":\"SearchAction\",\"target\":{\"@type\":\"EntryPoint\",\"urlTemplate\":\"https:\/\/mafrigessos.pt\/?s={search_term_string}\"},\"query-input\":{\"@type\":\"PropertyValueSpecification\",\"valueRequired\":true,\"valueName\":\"search_term_string\"}}],\"inLanguage\":\"en-US\"},{\"@type\":\"Organization\",\"@id\":\"https:\/\/mafrigessos.pt\/#organization\",\"name\":\"Mafrigessos\",\"url\":\"https:\/\/mafrigessos.pt\/\",\"logo\":{\"@type\":\"ImageObject\",\"inLanguage\":\"en-US\",\"@id\":\"https:\/\/mafrigessos.pt\/#\/schema\/logo\/image\/\",\"url\":\"https:\/\/mafrigessos.pt\/wp-content\/uploads\/2024\/02\/Logo-site-scaled.jpg\",\"contentUrl\":\"https:\/\/mafrigessos.pt\/wp-content\/uploads\/2024\/02\/Logo-site-scaled.jpg\",\"width\":2560,\"height\":1296,\"caption\":\"Mafrigessos\"},\"image\":{\"@id\":\"https:\/\/mafrigessos.pt\/#\/schema\/logo\/image\/\"}}]}<\/script>\n<!-- \/ Yoast SEO plugin. -->","yoast_head_json":{"title":"Bushing for Mechanical Fastening - Mafrigessos","description":"Certified bushing with NYLON nail for Mechanical Fastening","robots":{"index":"index","follow":"follow","max-snippet":"max-snippet:-1","max-image-preview":"max-image-preview:large","max-video-preview":"max-video-preview:-1"},"canonical":"https:\/\/mafrigessos.pt\/produto\/bucha-para-fixacao-mecanica\/","og_locale":"en_US","og_type":"article","og_title":"Bushing for Mechanical Fastening - Mafrigessos","og_description":"Certified bushing with NYLON nail for Mechanical Fastening","og_url":"https:\/\/mafrigessos.pt\/produto\/bucha-para-fixacao-mecanica\/","og_site_name":"Mafrigessos","article_modified_time":"2024-10-08T16:53:56+00:00","og_image":[{"width":1080,"height":1080,"url":"https:\/\/mafrigessos.pt\/wp-content\/uploads\/2024\/04\/BUCHA-PARA-FIXACAO-MECANICA.jpg","type":"image\/jpeg"}],"twitter_card":"summary_large_image","twitter_misc":{"Est. reading time":"1 minute"},"schema":{"@context":"https:\/\/schema.org","@graph":[{"@type":"WebPage","@id":"https:\/\/mafrigessos.pt\/produto\/bucha-para-fixacao-mecanica\/","url":"https:\/\/mafrigessos.pt\/produto\/bucha-para-fixacao-mecanica\/","name":"Bushing for Mechanical Fastening - Mafrigessos","isPartOf":{"@id":"https:\/\/mafrigessos.pt\/#website"},"primaryImageOfPage":{"@id":"https:\/\/mafrigessos.pt\/produto\/bucha-para-fixacao-mecanica\/#primaryimage"},"image":{"@id":"https:\/\/mafrigessos.pt\/produto\/bucha-para-fixacao-mecanica\/#primaryimage"},"thumbnailUrl":"https:\/\/mafrigessos.pt\/wp-content\/uploads\/2024\/04\/BUCHA-PARA-FIXACAO-MECANICA.jpg","datePublished":"2024-04-29T17:14:25+00:00","dateModified":"2024-10-08T16:53:56+00:00","description":"Certified bushing with NYLON nail for Mechanical Fastening","breadcrumb":{"@id":"https:\/\/mafrigessos.pt\/produto\/bucha-para-fixacao-mecanica\/#breadcrumb"},"inLanguage":"en-US","potentialAction":[{"@type":"ReadAction","target":["https:\/\/mafrigessos.pt\/produto\/bucha-para-fixacao-mecanica\/"]}]},{"@type":"ImageObject","inLanguage":"en-US","@id":"https:\/\/mafrigessos.pt\/produto\/bucha-para-fixacao-mecanica\/#primaryimage","url":"https:\/\/mafrigessos.pt\/wp-content\/uploads\/2024\/04\/BUCHA-PARA-FIXACAO-MECANICA.jpg","contentUrl":"https:\/\/mafrigessos.pt\/wp-content\/uploads\/2024\/04\/BUCHA-PARA-FIXACAO-MECANICA.jpg","width":1080,"height":1080,"caption":"Bucha para Fixa\u00e7\u00e3o Mec\u00e2nica"},{"@type":"BreadcrumbList","@id":"https:\/\/mafrigessos.pt\/produto\/bucha-para-fixacao-mecanica\/#breadcrumb","itemListElement":[{"@type":"ListItem","position":1,"name":"In\u00edcio","item":"https:\/\/mafrigessos.pt\/en\/"},{"@type":"ListItem","position":2,"name":"Produtos","item":"https:\/\/mafrigessos.pt\/shop\/"},{"@type":"ListItem","position":3,"name":"Bushing for Mechanical Fastening"}]},{"@type":"WebSite","@id":"https:\/\/mafrigessos.pt\/#website","url":"https:\/\/mafrigessos.pt\/","name":"Mafrigessos","description":"","publisher":{"@id":"https:\/\/mafrigessos.pt\/#organization"},"potentialAction":[{"@type":"SearchAction","target":{"@type":"EntryPoint","urlTemplate":"https:\/\/mafrigessos.pt\/?s={search_term_string}"},"query-input":{"@type":"PropertyValueSpecification","valueRequired":true,"valueName":"search_term_string"}}],"inLanguage":"en-US"},{"@type":"Organization","@id":"https:\/\/mafrigessos.pt\/#organization","name":"Mafrigessos","url":"https:\/\/mafrigessos.pt\/","logo":{"@type":"ImageObject","inLanguage":"en-US","@id":"https:\/\/mafrigessos.pt\/#\/schema\/logo\/image\/","url":"https:\/\/mafrigessos.pt\/wp-content\/uploads\/2024\/02\/Logo-site-scaled.jpg","contentUrl":"https:\/\/mafrigessos.pt\/wp-content\/uploads\/2024\/02\/Logo-site-scaled.jpg","width":2560,"height":1296,"caption":"Mafrigessos"},"image":{"@id":"https:\/\/mafrigessos.pt\/#\/schema\/logo\/image\/"}}]}},"_links":{"self":[{"href":"https:\/\/mafrigessos.pt\/en\/wp-json\/wp\/v2\/product\/6250","targetHints":{"allow":["GET"]}}],"collection":[{"href":"https:\/\/mafrigessos.pt\/en\/wp-json\/wp\/v2\/product"}],"about":[{"href":"https:\/\/mafrigessos.pt\/en\/wp-json\/wp\/v2\/types\/product"}],"replies":[{"embeddable":true,"href":"https:\/\/mafrigessos.pt\/en\/wp-json\/wp\/v2\/comments?post=6250"}],"wp:featuredmedia":[{"embeddable":true,"href":"https:\/\/mafrigessos.pt\/en\/wp-json\/wp\/v2\/media\/5073"}],"wp:attachment":[{"href":"https:\/\/mafrigessos.pt\/en\/wp-json\/wp\/v2\/media?parent=6250"}],"wp:term":[{"taxonomy":"product_brand","embeddable":true,"href":"https:\/\/mafrigessos.pt\/en\/wp-json\/wp\/v2\/product_brand?post=6250"},{"taxonomy":"product_cat","embeddable":true,"href":"https:\/\/mafrigessos.pt\/en\/wp-json\/wp\/v2\/product_cat?post=6250"},{"taxonomy":"product_tag","embeddable":true,"href":"https:\/\/mafrigessos.pt\/en\/wp-json\/wp\/v2\/product_tag?post=6250"}],"curies":[{"name":"wp","href":"https:\/\/api.w.org\/{rel}","templated":true}]}}