{"id":5617,"date":"2024-02-21T17:18:11","date_gmt":"2024-02-21T17:18:11","guid":{"rendered":"https:\/\/mafrigessos.pt\/blog\/"},"modified":"2024-09-30T10:43:47","modified_gmt":"2024-09-30T10:43:47","slug":"blog","status":"publish","type":"page","link":"https:\/\/mafrigessos.pt\/en\/blog\/","title":{"rendered":"Blog"},"content":{"rendered":"\t\t<div data-elementor-type=\"wp-page\" data-elementor-id=\"5617\" class=\"elementor elementor-5617\" data-elementor-post-type=\"page\">\n\t\t\t\t\t\t<section class=\"elementor-section elementor-top-section elementor-element elementor-element-85f73f4 elementor-section-boxed elementor-section-height-default elementor-section-height-default elementor-invisible\" data-id=\"85f73f4\" data-element_type=\"section\" data-e-type=\"section\" data-settings=\"{&quot;background_background&quot;:&quot;classic&quot;,&quot;animation&quot;:&quot;fadeIn&quot;}\">\n\t\t\t\t\t\t\t<div class=\"elementor-background-overlay\"><\/div>\n\t\t\t\t\t\t\t<div class=\"elementor-container elementor-column-gap-default\">\n\t\t\t\t\t<div class=\"elementor-column elementor-col-100 elementor-top-column elementor-element elementor-element-36a4e8b\" data-id=\"36a4e8b\" data-element_type=\"column\" data-e-type=\"column\">\n\t\t\t<div class=\"elementor-widget-wrap elementor-element-populated\">\n\t\t\t\t\t\t<div class=\"elementor-element elementor-element-bce6be1 elementor-invisible elementor-widget elementor-widget-heading\" data-id=\"bce6be1\" data-element_type=\"widget\" data-e-type=\"widget\" data-settings=\"{&quot;_animation&quot;:&quot;fadeIn&quot;}\" data-widget_type=\"heading.default\">\n\t\t\t\t<div class=\"elementor-widget-container\">\n\t\t\t\t\t<h2 class=\"elementor-heading-title elementor-size-default\">Blog &amp; News<\/h2>\t\t\t\t<\/div>\n\t\t\t\t<\/div>\n\t\t\t\t\t<\/div>\n\t\t<\/div>\n\t\t\t\t\t<\/div>\n\t\t<\/section>\n\t\t<div class=\"elementor-element elementor-element-01cfd07 e-flex e-con-boxed e-con e-parent\" data-id=\"01cfd07\" data-element_type=\"container\" data-e-type=\"container\">\n\t\t\t\t\t<div class=\"e-con-inner\">\n\t\t\t\t<div class=\"elementor-element elementor-element-844f784 elementor-widget elementor-widget-elementskit-blog-posts\" data-id=\"844f784\" data-element_type=\"widget\" data-e-type=\"widget\" data-widget_type=\"elementskit-blog-posts.default\">\n\t\t\t\t<div class=\"elementor-widget-container\">\n\t\t\t\t\t<div class=\"ekit-wid-con\" >        <div id=\"post-items--844f784\" class=\"row post-items\">\n                    <div class=\"col-lg-4 col-md-6\">\n\n                                    <div class=\"elementskit-post-image-card\">\n                        <div class=\"elementskit-entry-header\">\n                                                            <a href=\"https:\/\/mafrigessos.pt\/en\/sem-categoria\/together-we-can-go-further\/\" class=\"elementskit-entry-thumb\">\n                                    <img decoding=\"async\" src=\"https:\/\/mafrigessos.pt\/wp-content\/uploads\/2024\/06\/Mafrigessos-FB2-1024x1024.jpg\" alt=\"Together we can go further!\">\n                                <\/a><!-- .elementskit-entry-thumb END -->\n                                                            \n                            \n\t\t\t\t\t\t\t\t\t\t\t\t\t<\/div><!-- .elementskit-entry-header END -->\n\n\t\t\t\t\t\t<div class=\"elementskit-post-body ekit-highlight-border\">\n\t\t\t\t\t\t\t\n\t\t\t\t\t\t\t\t\t\t\t\t\t\t\t\t\t\t\t\t\t\t\t\t\t\t\t\t<div class=\"post-meta-list\">\n\t\t\t\t\t\t\t\t\t\t\t\t\t<\/div>\n\t\t\t\t\t\t\t\t\t\t\t\t\t\n\t\t\t\t\t\t\t\t\n\t\t\t\t\t\t\t\t\t\t\t\t\t\t\t\t\t\t\t\t\t<h2 class=\"entry-title\">\n\t\t\t\t\t<a href=\"https:\/\/mafrigessos.pt\/en\/sem-categoria\/together-we-can-go-further\/\">\n\t\t\t\t\t\tTogether we can go further!\t\t\t\t\t<\/a>\n\t\t\t\t<\/h2>\n\t\t\t\t\t\t\t\t\t\t\t\t\t\t\t\t\t\t\t\t\t\t\t\t\t\t\t\t\t\t\t\t\t\t\t\t\t\t\t\t\t\t<p>Together we can go further! Thank you for the opportunity&hellip;<\/p>\n\t\t\t\t\t\t\t\t\t\t\t\t\t\t\t\t\t\t\t\t\t\t                                                            <div class=\"btn-wraper\">\n                                                                            <a class=\"elementskit-btn whitespace--normal\" id=\"\" href=\"https:\/\/mafrigessos.pt\/en\/sem-categoria\/together-we-can-go-further\/\">\n                                            Read More                                                                                    <\/a>\n                                    \n                                                                    <\/div>\n                                                    <\/div><!-- .elementskit-post-body END -->\n                    <\/div>\n                \n            <\/div>\n                    <div class=\"col-lg-4 col-md-6\">\n\n                                    <div class=\"elementskit-post-image-card\">\n                        <div class=\"elementskit-entry-header\">\n                                                            <a href=\"https:\/\/mafrigessos.pt\/en\/sem-categoria\/lisbon-urban-rehabilitation-week\/\" class=\"elementskit-entry-thumb\">\n                                    <img decoding=\"async\" src=\"https:\/\/mafrigessos.pt\/wp-content\/uploads\/2024\/06\/Mafrigessos-FB-1021x1024.jpg\" alt=\"Lisbon Urban Rehabilitation Week\">\n                                <\/a><!-- .elementskit-entry-thumb END -->\n                                                            \n                            \n\t\t\t\t\t\t\t\t\t\t\t\t\t<\/div><!-- .elementskit-entry-header END -->\n\n\t\t\t\t\t\t<div class=\"elementskit-post-body ekit-highlight-border\">\n\t\t\t\t\t\t\t\n\t\t\t\t\t\t\t\t\t\t\t\t\t\t\t\t\t\t\t\t\t\t\t\t\t\t\t\t<div class=\"post-meta-list\">\n\t\t\t\t\t\t\t\t\t\t\t\t\t<\/div>\n\t\t\t\t\t\t\t\t\t\t\t\t\t\n\t\t\t\t\t\t\t\t\n\t\t\t\t\t\t\t\t\t\t\t\t\t\t\t\t\t\t\t\t\t<h2 class=\"entry-title\">\n\t\t\t\t\t<a href=\"https:\/\/mafrigessos.pt\/en\/sem-categoria\/lisbon-urban-rehabilitation-week\/\">\n\t\t\t\t\t\tLisbon Urban Rehabilitation Week\t\t\t\t\t<\/a>\n\t\t\t\t<\/h2>\n\t\t\t\t\t\t\t\t\t\t\t\t\t\t\t\t\t\t\t\t\t\t\t\t\t\t\t\t\t\t\t\t\t\t\t\t\t\t\t\t\t\t<p>Lisbon Urban Rehabilitation Week 2024!We had the privilege of attending&hellip;<\/p>\n\t\t\t\t\t\t\t\t\t\t\t\t\t\t\t\t\t\t\t\t\t\t                                                            <div class=\"btn-wraper\">\n                                                                            <a class=\"elementskit-btn whitespace--normal\" id=\"\" href=\"https:\/\/mafrigessos.pt\/en\/sem-categoria\/lisbon-urban-rehabilitation-week\/\">\n                                            Read More                                                                                    <\/a>\n                                    \n                                                                    <\/div>\n                                                    <\/div><!-- .elementskit-post-body END -->\n                    <\/div>\n                \n            <\/div>\n                    <div class=\"col-lg-4 col-md-6\">\n\n                                    <div class=\"elementskit-post-image-card\">\n                        <div class=\"elementskit-entry-header\">\n                                                            <a href=\"https:\/\/mafrigessos.pt\/en\/sem-categoria\/explore-our-range-of-products\/\" class=\"elementskit-entry-thumb\">\n                                    <img decoding=\"async\" src=\"https:\/\/mafrigessos.pt\/wp-content\/uploads\/2024\/06\/Mafrigessosinsta.jpg\" alt=\"Explore our range of products!\">\n                                <\/a><!-- .elementskit-entry-thumb END -->\n                                                            \n                            \n\t\t\t\t\t\t\t\t\t\t\t\t\t<\/div><!-- .elementskit-entry-header END -->\n\n\t\t\t\t\t\t<div class=\"elementskit-post-body ekit-highlight-border\">\n\t\t\t\t\t\t\t\n\t\t\t\t\t\t\t\t\t\t\t\t\t\t\t\t\t\t\t\t\t\t\t\t\t\t\t\t<div class=\"post-meta-list\">\n\t\t\t\t\t\t\t\t\t\t\t\t\t<\/div>\n\t\t\t\t\t\t\t\t\t\t\t\t\t\n\t\t\t\t\t\t\t\t\n\t\t\t\t\t\t\t\t\t\t\t\t\t\t\t\t\t\t\t\t\t<h2 class=\"entry-title\">\n\t\t\t\t\t<a href=\"https:\/\/mafrigessos.pt\/en\/sem-categoria\/explore-our-range-of-products\/\">\n\t\t\t\t\t\tExplore our range of products!\t\t\t\t\t<\/a>\n\t\t\t\t<\/h2>\n\t\t\t\t\t\t\t\t\t\t\t\t\t\t\t\t\t\t\t\t\t\t\t\t\t\t\t\t\t\t\t\t\t\t\t\t\t\t\t\t\t\t<p>Place your order and install the ideal sign in all&hellip;<\/p>\n\t\t\t\t\t\t\t\t\t\t\t\t\t\t\t\t\t\t\t\t\t\t                                                            <div class=\"btn-wraper\">\n                                                                            <a class=\"elementskit-btn whitespace--normal\" id=\"\" href=\"https:\/\/mafrigessos.pt\/en\/sem-categoria\/explore-our-range-of-products\/\">\n                                            Read More                                                                                    <\/a>\n                                    \n                                                                    <\/div>\n                                                    <\/div><!-- .elementskit-post-body END -->\n                    <\/div>\n                \n            <\/div>\n                    <div class=\"col-lg-4 col-md-6\">\n\n                                    <div class=\"elementskit-post-image-card\">\n                        <div class=\"elementskit-entry-header\">\n                                                            <a href=\"https:\/\/mafrigessos.pt\/en\/sem-categoria\/in-training-with-the-mafra-volunteer-fire-brigadeem-formacao-com-os-bombeiros-voluntarios-de-mafra\/\" class=\"elementskit-entry-thumb\">\n                                    <img decoding=\"async\" src=\"https:\/\/mafrigessos.pt\/wp-content\/uploads\/2024\/06\/438093323_955650616566547_7766990602351515684_n-1024x1021.jpg\" alt=\"In training with the Mafra Volunteer Fire BrigadeEm forma\u00e7\u00e3o com os Bombeiros Volunt\u00e1rios de Mafra\">\n                                <\/a><!-- .elementskit-entry-thumb END -->\n                                                            \n                            \n\t\t\t\t\t\t\t\t\t\t\t\t\t<\/div><!-- .elementskit-entry-header END -->\n\n\t\t\t\t\t\t<div class=\"elementskit-post-body ekit-highlight-border\">\n\t\t\t\t\t\t\t\n\t\t\t\t\t\t\t\t\t\t\t\t\t\t\t\t\t\t\t\t\t\t\t\t\t\t\t\t<div class=\"post-meta-list\">\n\t\t\t\t\t\t\t\t\t\t\t\t\t<\/div>\n\t\t\t\t\t\t\t\t\t\t\t\t\t\n\t\t\t\t\t\t\t\t\n\t\t\t\t\t\t\t\t\t\t\t\t\t\t\t\t\t\t\t\t\t<h2 class=\"entry-title\">\n\t\t\t\t\t<a href=\"https:\/\/mafrigessos.pt\/en\/sem-categoria\/in-training-with-the-mafra-volunteer-fire-brigadeem-formacao-com-os-bombeiros-voluntarios-de-mafra\/\">\n\t\t\t\t\t\tIn training with the Mafra Volunteer Fire BrigadeEm forma\u00e7\u00e3o com os Bombeiros Volunt\u00e1rios de Mafra\t\t\t\t\t<\/a>\n\t\t\t\t<\/h2>\n\t\t\t\t\t\t\t\t\t\t\t\t\t\t\t\t\t\t\t\t\t\t\t\t\t\t\t\t\t\t\t\t\t\t\t\t\t\t\t\t\t\t<p>We would like to thank the Mafrigessos team for the&hellip;<\/p>\n\t\t\t\t\t\t\t\t\t\t\t\t\t\t\t\t\t\t\t\t\t\t                                                            <div class=\"btn-wraper\">\n                                                                            <a class=\"elementskit-btn whitespace--normal\" id=\"\" href=\"https:\/\/mafrigessos.pt\/en\/sem-categoria\/in-training-with-the-mafra-volunteer-fire-brigadeem-formacao-com-os-bombeiros-voluntarios-de-mafra\/\">\n                                            Read More                                                                                    <\/a>\n                                    \n                                                                    <\/div>\n                                                    <\/div><!-- .elementskit-post-body END -->\n                    <\/div>\n                \n            <\/div>\n                <\/div>\n       <\/div>\t\t\t\t<\/div>\n\t\t\t\t<\/div>\n\t\t\t\t\t<\/div>\n\t\t\t\t<\/div>\n\t\t\t\t<\/div>\n\t\t","protected":false},"excerpt":{"rendered":"<p>Blog &amp; News Juntos chegamos mais longe! Juntos chegamos mais longe! Agradecemos a oportunidade de conhecer a&hellip; Read More Semana da Reabilita\u00e7\u00e3o Urbana de Lisboa &nbsp;Na Semana da Reabilita\u00e7\u00e3o Urbana de Lisboa 2024!Tivemos o privil\u00e9gio&hellip; Read More Explore a nossa gama de produtos! Fa\u00e7a a sua encomenda e aplique j\u00e1 em todos os&hellip; Read More [&hellip;]<\/p>\n","protected":false},"author":1,"featured_media":0,"parent":0,"menu_order":0,"comment_status":"closed","ping_status":"closed","template":"","meta":{"footnotes":""},"class_list":["post-5617","page","type-page","status-publish","hentry"],"yoast_head":"<!-- This site is optimized with the Yoast SEO plugin v27.2 - https:\/\/yoast.com\/product\/yoast-seo-wordpress\/ -->\n<title>Blog - Mafrigessos<\/title>\n<meta name=\"robots\" content=\"index, follow, max-snippet:-1, max-image-preview:large, max-video-preview:-1\" \/>\n<link rel=\"canonical\" href=\"http:\/\/mafrigessos.pt\/en\/blog\/\" \/>\n<meta property=\"og:locale\" content=\"en_US\" \/>\n<meta property=\"og:type\" content=\"article\" \/>\n<meta property=\"og:title\" content=\"Blog - Mafrigessos\" \/>\n<meta property=\"og:description\" content=\"Blog &amp; News Juntos chegamos mais longe! Juntos chegamos mais longe! Agradecemos a oportunidade de conhecer a&hellip; Read More Semana da Reabilita\u00e7\u00e3o Urbana de Lisboa &nbsp;Na Semana da Reabilita\u00e7\u00e3o Urbana de Lisboa 2024!Tivemos o privil\u00e9gio&hellip; Read More Explore a nossa gama de produtos! Fa\u00e7a a sua encomenda e aplique j\u00e1 em todos os&hellip; Read More [&hellip;]\" \/>\n<meta property=\"og:url\" content=\"http:\/\/mafrigessos.pt\/en\/blog\/\" \/>\n<meta property=\"og:site_name\" content=\"Mafrigessos\" \/>\n<meta property=\"article:modified_time\" content=\"2024-09-30T10:43:47+00:00\" \/>\n<meta property=\"og:image\" content=\"https:\/\/mafrigessos.pt\/wp-content\/uploads\/2024\/06\/Mafrigessos-FB2-1024x1024.jpg\" \/>\n<meta name=\"twitter:card\" content=\"summary_large_image\" \/>\n<meta name=\"twitter:label1\" content=\"Est. reading time\" \/>\n\t<meta name=\"twitter:data1\" content=\"2 minutes\" \/>\n<script type=\"application\/ld+json\" class=\"yoast-schema-graph\">{\"@context\":\"https:\/\/schema.org\",\"@graph\":[{\"@type\":\"WebPage\",\"@id\":\"http:\/\/mafrigessos.pt\/en\/blog\/\",\"url\":\"http:\/\/mafrigessos.pt\/en\/blog\/\",\"name\":\"Blog - Mafrigessos\",\"isPartOf\":{\"@id\":\"https:\/\/mafrigessos.pt\/#website\"},\"primaryImageOfPage\":{\"@id\":\"http:\/\/mafrigessos.pt\/en\/blog\/#primaryimage\"},\"image\":{\"@id\":\"http:\/\/mafrigessos.pt\/en\/blog\/#primaryimage\"},\"thumbnailUrl\":\"https:\/\/mafrigessos.pt\/wp-content\/uploads\/2024\/06\/Mafrigessos-FB2-1024x1024.jpg\",\"datePublished\":\"2024-02-21T17:18:11+00:00\",\"dateModified\":\"2024-09-30T10:43:47+00:00\",\"breadcrumb\":{\"@id\":\"http:\/\/mafrigessos.pt\/en\/blog\/#breadcrumb\"},\"inLanguage\":\"en-US\",\"potentialAction\":[{\"@type\":\"ReadAction\",\"target\":[\"http:\/\/mafrigessos.pt\/en\/blog\/\"]}]},{\"@type\":\"ImageObject\",\"inLanguage\":\"en-US\",\"@id\":\"http:\/\/mafrigessos.pt\/en\/blog\/#primaryimage\",\"url\":\"https:\/\/mafrigessos.pt\/wp-content\/uploads\/2024\/06\/Mafrigessos-FB2-1024x1024.jpg\",\"contentUrl\":\"https:\/\/mafrigessos.pt\/wp-content\/uploads\/2024\/06\/Mafrigessos-FB2-1024x1024.jpg\"},{\"@type\":\"BreadcrumbList\",\"@id\":\"http:\/\/mafrigessos.pt\/en\/blog\/#breadcrumb\",\"itemListElement\":[{\"@type\":\"ListItem\",\"position\":1,\"name\":\"In\u00edcio\",\"item\":\"http:\/\/mafrigessos.pt\/en\/\"},{\"@type\":\"ListItem\",\"position\":2,\"name\":\"Blog\"}]},{\"@type\":\"WebSite\",\"@id\":\"https:\/\/mafrigessos.pt\/#website\",\"url\":\"https:\/\/mafrigessos.pt\/\",\"name\":\"Mafrigessos\",\"description\":\"\",\"publisher\":{\"@id\":\"https:\/\/mafrigessos.pt\/#organization\"},\"potentialAction\":[{\"@type\":\"SearchAction\",\"target\":{\"@type\":\"EntryPoint\",\"urlTemplate\":\"https:\/\/mafrigessos.pt\/?s={search_term_string}\"},\"query-input\":{\"@type\":\"PropertyValueSpecification\",\"valueRequired\":true,\"valueName\":\"search_term_string\"}}],\"inLanguage\":\"en-US\"},{\"@type\":\"Organization\",\"@id\":\"https:\/\/mafrigessos.pt\/#organization\",\"name\":\"Mafrigessos\",\"url\":\"https:\/\/mafrigessos.pt\/\",\"logo\":{\"@type\":\"ImageObject\",\"inLanguage\":\"en-US\",\"@id\":\"https:\/\/mafrigessos.pt\/#\/schema\/logo\/image\/\",\"url\":\"https:\/\/mafrigessos.pt\/wp-content\/uploads\/2024\/02\/Logo-site-scaled.jpg\",\"contentUrl\":\"https:\/\/mafrigessos.pt\/wp-content\/uploads\/2024\/02\/Logo-site-scaled.jpg\",\"width\":2560,\"height\":1296,\"caption\":\"Mafrigessos\"},\"image\":{\"@id\":\"https:\/\/mafrigessos.pt\/#\/schema\/logo\/image\/\"}}]}<\/script>\n<!-- \/ Yoast SEO plugin. -->","yoast_head_json":{"title":"Blog - Mafrigessos","robots":{"index":"index","follow":"follow","max-snippet":"max-snippet:-1","max-image-preview":"max-image-preview:large","max-video-preview":"max-video-preview:-1"},"canonical":"http:\/\/mafrigessos.pt\/en\/blog\/","og_locale":"en_US","og_type":"article","og_title":"Blog - Mafrigessos","og_description":"Blog &amp; News Juntos chegamos mais longe! Juntos chegamos mais longe! Agradecemos a oportunidade de conhecer a&hellip; Read More Semana da Reabilita\u00e7\u00e3o Urbana de Lisboa &nbsp;Na Semana da Reabilita\u00e7\u00e3o Urbana de Lisboa 2024!Tivemos o privil\u00e9gio&hellip; Read More Explore a nossa gama de produtos! Fa\u00e7a a sua encomenda e aplique j\u00e1 em todos os&hellip; Read More [&hellip;]","og_url":"http:\/\/mafrigessos.pt\/en\/blog\/","og_site_name":"Mafrigessos","article_modified_time":"2024-09-30T10:43:47+00:00","og_image":[{"url":"https:\/\/mafrigessos.pt\/wp-content\/uploads\/2024\/06\/Mafrigessos-FB2-1024x1024.jpg","type":"","width":"","height":""}],"twitter_card":"summary_large_image","twitter_misc":{"Est. reading time":"2 minutes"},"schema":{"@context":"https:\/\/schema.org","@graph":[{"@type":"WebPage","@id":"http:\/\/mafrigessos.pt\/en\/blog\/","url":"http:\/\/mafrigessos.pt\/en\/blog\/","name":"Blog - Mafrigessos","isPartOf":{"@id":"https:\/\/mafrigessos.pt\/#website"},"primaryImageOfPage":{"@id":"http:\/\/mafrigessos.pt\/en\/blog\/#primaryimage"},"image":{"@id":"http:\/\/mafrigessos.pt\/en\/blog\/#primaryimage"},"thumbnailUrl":"https:\/\/mafrigessos.pt\/wp-content\/uploads\/2024\/06\/Mafrigessos-FB2-1024x1024.jpg","datePublished":"2024-02-21T17:18:11+00:00","dateModified":"2024-09-30T10:43:47+00:00","breadcrumb":{"@id":"http:\/\/mafrigessos.pt\/en\/blog\/#breadcrumb"},"inLanguage":"en-US","potentialAction":[{"@type":"ReadAction","target":["http:\/\/mafrigessos.pt\/en\/blog\/"]}]},{"@type":"ImageObject","inLanguage":"en-US","@id":"http:\/\/mafrigessos.pt\/en\/blog\/#primaryimage","url":"https:\/\/mafrigessos.pt\/wp-content\/uploads\/2024\/06\/Mafrigessos-FB2-1024x1024.jpg","contentUrl":"https:\/\/mafrigessos.pt\/wp-content\/uploads\/2024\/06\/Mafrigessos-FB2-1024x1024.jpg"},{"@type":"BreadcrumbList","@id":"http:\/\/mafrigessos.pt\/en\/blog\/#breadcrumb","itemListElement":[{"@type":"ListItem","position":1,"name":"In\u00edcio","item":"http:\/\/mafrigessos.pt\/en\/"},{"@type":"ListItem","position":2,"name":"Blog"}]},{"@type":"WebSite","@id":"https:\/\/mafrigessos.pt\/#website","url":"https:\/\/mafrigessos.pt\/","name":"Mafrigessos","description":"","publisher":{"@id":"https:\/\/mafrigessos.pt\/#organization"},"potentialAction":[{"@type":"SearchAction","target":{"@type":"EntryPoint","urlTemplate":"https:\/\/mafrigessos.pt\/?s={search_term_string}"},"query-input":{"@type":"PropertyValueSpecification","valueRequired":true,"valueName":"search_term_string"}}],"inLanguage":"en-US"},{"@type":"Organization","@id":"https:\/\/mafrigessos.pt\/#organization","name":"Mafrigessos","url":"https:\/\/mafrigessos.pt\/","logo":{"@type":"ImageObject","inLanguage":"en-US","@id":"https:\/\/mafrigessos.pt\/#\/schema\/logo\/image\/","url":"https:\/\/mafrigessos.pt\/wp-content\/uploads\/2024\/02\/Logo-site-scaled.jpg","contentUrl":"https:\/\/mafrigessos.pt\/wp-content\/uploads\/2024\/02\/Logo-site-scaled.jpg","width":2560,"height":1296,"caption":"Mafrigessos"},"image":{"@id":"https:\/\/mafrigessos.pt\/#\/schema\/logo\/image\/"}}]}},"_links":{"self":[{"href":"https:\/\/mafrigessos.pt\/en\/wp-json\/wp\/v2\/pages\/5617","targetHints":{"allow":["GET"]}}],"collection":[{"href":"https:\/\/mafrigessos.pt\/en\/wp-json\/wp\/v2\/pages"}],"about":[{"href":"https:\/\/mafrigessos.pt\/en\/wp-json\/wp\/v2\/types\/page"}],"author":[{"embeddable":true,"href":"https:\/\/mafrigessos.pt\/en\/wp-json\/wp\/v2\/users\/1"}],"replies":[{"embeddable":true,"href":"https:\/\/mafrigessos.pt\/en\/wp-json\/wp\/v2\/comments?post=5617"}],"version-history":[{"count":5,"href":"https:\/\/mafrigessos.pt\/en\/wp-json\/wp\/v2\/pages\/5617\/revisions"}],"predecessor-version":[{"id":5908,"href":"https:\/\/mafrigessos.pt\/en\/wp-json\/wp\/v2\/pages\/5617\/revisions\/5908"}],"wp:attachment":[{"href":"https:\/\/mafrigessos.pt\/en\/wp-json\/wp\/v2\/media?parent=5617"}],"curies":[{"name":"wp","href":"https:\/\/api.w.org\/{rel}","templated":true}]}}